{"id":10,"date":"2020-08-29T08:36:48","date_gmt":"2020-08-29T08:36:48","guid":{"rendered":"http:\/\/xstreamdev.com\/wmware\/?page_id=10"},"modified":"2020-12-16T13:41:37","modified_gmt":"2020-12-16T12:41:37","slug":"landing-page","status":"publish","type":"page","link":"https:\/\/www.vmware-journey.hr\/vmc-aws\/","title":{"rendered":"Landing Page"},"content":{"rendered":"<p>[vc_row row_padding=&#8221;xt-padding-initial&#8221; el_class=&#8221;colors-row&#8221;][vc_column width=&#8221;7\/12&#8243; el_class=&#8221;xt-1&#8243;][\/vc_column][vc_column width=&#8221;1\/12&#8243; el_class=&#8221;xt-2&#8243;][\/vc_column][vc_column width=&#8221;1\/12&#8243; el_class=&#8221;xt-3&#8243;][\/vc_column][vc_column width=&#8221;1\/12&#8243; el_class=&#8221;xt-4&#8243;][\/vc_column][vc_column width=&#8221;1\/12&#8243; el_class=&#8221;xt-5&#8243;][\/vc_column][vc_column width=&#8221;1\/12&#8243; el_class=&#8221;xt-6&#8243;][\/vc_column][\/vc_row][vc_row row_padding=&#8221;xt-padding-initial&#8221; css=&#8221;.vc_custom_1607940657890{padding-top: 70px !important;padding-bottom: 70px !important;}&#8221; el_class=&#8221;logo-row&#8221;][vc_column][vc_column_text el_class=&#8221;xt-logo&#8221;]<a href=\"https:\/\/www.vmware.com\/\" target=\"_blank\" rel=\"noopener noreferrer\"><img class=\"alignnone size-medium wp-image-20\" src=\"https:\/\/www.vmware-journey.hr\/vmc-aws\/wp-content\/uploads\/2020\/12\/VMware-AWS-logo.svg\" alt=\"\" width=\"194\" \/><\/a>[\/vc_column_text][vc_column_text el_class=&#8221;xt-logo2&#8243;]<a href=\"https:\/\/www.sedmiodjel.com\/\" target=\"_blank\" rel=\"noopener noreferrer\"><img class=\"alignnone size-medium wp-image-23\" src=\"https:\/\/www.vmware-journey.hr\/vmc-aws\/wp-content\/uploads\/2020\/12\/7-odjel-logo.svg\" alt=\"\" width=\"214\" \/><\/a>[\/vc_column_text][\/vc_column][\/vc_row][vc_row row_padding=&#8221;xt-padding-initial&#8221; el_class=&#8221;xt-header&#8221; css=&#8221;.vc_custom_1598693245169{padding-top: 20px !important;padding-bottom: 90px !important;}&#8221;][vc_column el_class=&#8221;title-width&#8221;][vc_column_text el_class=&#8221;title-width&#8221;]<\/p>\n<h1><span style=\"color: #78be20;\">VMware Cloud<b><span class=\"nounderlines\">\u2122<\/span><\/b> na AWS-u<\/span><\/h1>\n<p>[\/vc_column_text][vc_column_text]<\/p>\n<div class=\"page\" title=\"Page 1\">\n<div class=\"section\">\n<div class=\"layoutArea\">\n<div class=\"column\">\n<p>Budite spremni na sve.<\/p><\/div>\n<\/div>\n<\/div>\n<\/div>\n<p>[\/vc_column_text][vc_btn title=&#8221;ISPROBAJTE SADA&#8221; style=&#8221;flat&#8221; shape=&#8221;square&#8221; color=&#8221;green&#8221; size=&#8221;lg&#8221; align=&#8221;left&#8221; link=&#8221;url:https%3A%2F%2Fwww.vmware-journey.hr%2Fvmc-aws%2F%23register|||&#8221;][\/vc_column][\/vc_row][vc_row row_padding=&#8221;xt-padding-initial&#8221; el_class=&#8221;xt-expandable&#8221; css=&#8221;.vc_custom_1598708011723{padding-top: 60px !important;padding-bottom: 40px !important;}&#8221;][vc_column][vc_row_inner][vc_column_inner offset=&#8221;vc_col-lg-offset-1 vc_col-lg-10&#8243;][vc_column_text el_class=&#8221;expanded-section&#8221;]<strong>Uz VMware Cloud na AWS-u, najve\u0107i i najkori\u0161teniji javni oblak na svijetu<\/strong>, korisnici mogu pro\u0161iriti svoje lokalno okru\u017eenje na public cloud te tako iskoristiti prednosti trenuta\u010dne skalabilnosti, koriste\u0107i najbolje od VMware tehnologije koju poznaju i vole.<\/p>\n<p>Mnoge organizacije su ubrzale svoje strategije poslovanja u oblaku kako bi imale pristup skaliranim resursima potrebnim za udovoljavanje novim poslovnim zahtjevima. No nedosljedne arhitekture izme\u0111u vlastite postoje\u0107e infrastrukture i davatelja usluga u cloudu usporavaju te napore.<\/p>\n<p>VMware Cloud omogu\u0107uje organizacijama da postanu spremne za budu\u0107nost i prevladaju ove izazove skaliranjem resursa prema gore ili dolje temeljem trenutne potra\u017enje te osiguravanjem resursa za nove inicijative rada na daljinu, sve uz optimizaciju potro\u0161nje i osiguravaju\u0107i sigurnost u svim vrstama clouda.<\/p>\n<p><strong>VMware Cloud korisnicima osigurava:<\/strong><\/p>\n<ul>\n<li>Besprijekorne infrastrukturne resurse na zahtjev koji podr\u017eavaju privremene poslovne i sezonalne potrebe; pla\u0107ajte samo potrebno, istovremeno pro\u0161iruju\u0107i infrastrukturu, djelatnosti i vje\u0161tine<\/li>\n<li>Odr\u017eanje poslovanja kroz neo\u010dekivane i nepredvi\u0111ene prekide; Iskoristite cloud za podr\u0161ku kontinuiteta poslovanja i oporavak od katastrofa<br \/>\nSigurnost va\u0161ih aplikacija, infrastrukture, podataka i pristupa primjenom sveobuhvatnog i dosljednog rje\u0161enja virtualne radne povr\u0161ine.<\/li>\n<li>Pro\u0161irenje na nova tr\u017ei\u0161ta, regije i zemljopisna podru\u010dja bez kapitalnih ulaganja, koriste\u0107i infrastrukturu i operacije u skladu s ve\u0107 isku\u0161anima i provjerenima u podatkovnom centru i na hibridnom oblaku.<\/li>\n<\/ul>\n<p><strong>Iskoristite prednosti infrastrukture u cloudu kako biste zadovoljili pove\u0107anu potra\u017enju klijenata i zahtjeve zaposlenika.<\/strong><\/p>\n<ul>\n<li>Dosljedna infrastruktura isporu\u010dena kao usluga: nisu potrebne konverzije ni novo kreiranje radnih optere\u0107enja<\/li>\n<li>Optimizirano za rad na namjenskoj fleksibilnoj AWS infrastrukturi Ujedna\u010dena razina izvedbe na razini cijele tvrtke<\/li>\n<li>\u0160irenje kapaciteta podatkovnog centra na zahtjev u cloudu, bez utjecaja na rad aplikacija i bez ometanja krajnjih korisnika<\/li>\n<\/ul>\n<p>VMware Cloud na AWS-u donosi <strong>VMware-ov SDDC softver poslovne klase u AWS Cloud<\/strong>, \u0161to omogu\u0107ava klijentima pokretanje proizvodnih aplikacija u privatnom, javnom i hibridnom okru\u017eenju u oblaku zasnovanom na vSphere-u, s optimiziranim pristupom AWS uslugama i robusnom za\u0161titom od katastrofa. Stvorena u suradnji VMware-a i AWS-a, ova usluga na zahtjev omogu\u0107uje IT timovima da neometano pro\u0161iruju, migriraju i upravljaju svojim resursima u oblaku pomo\u0107u poznatih VMware alata. Uz istu arhitekturu i operativno iskustvo kako lokalno tako i u oblaku, IT timovi sada mogu brzo doprinijeti rastu trenutne poslovne vrijednosti zahvaljuju\u0107i kori\u0161tenju hibridnog oblaka AWS-a i VMware-a.[\/vc_column_text]<a class=\"expandable-trigger xt-button\" href=\"javascript:void(0)\">PRIKA\u017dI VI\u0160E<\/a>[\/vc_column_inner][\/vc_row_inner][vc_row_inner el_class=&#8221;xt-center&#8221; css=&#8221;.vc_custom_1598705131142{margin-top: 50px !important;}&#8221;][vc_column_inner][vc_btn title=&#8221;ISPROBAJTE SADA&#8221; style=&#8221;flat&#8221; shape=&#8221;square&#8221; color=&#8221;green&#8221; size=&#8221;lg&#8221; align=&#8221;center&#8221; link=&#8221;url:https%3A%2F%2Fwww.vmware-journey.hr%2Fvmc-aws%2F%23register|||&#8221;][\/vc_column_inner][\/vc_row_inner][\/vc_column][\/vc_row][vc_row row_padding=&#8221;xt-padding-initial&#8221; full_width=&#8221;stretch_row_content_no_spaces&#8221; el_id=&#8221;register&#8221; el_class=&#8221;register&#8221;][vc_column width=&#8221;1\/2&#8243; el_class=&#8221;row-line-separator-right&#8221; css=&#8221;.vc_custom_1608038324331{background-color: #e6f9fb !important;}&#8221;][vc_row_inner el_class=&#8221;title-row&#8221;][vc_column_inner width=&#8221;1\/6&#8243;][\/vc_column_inner][vc_column_inner width=&#8221;5\/6&#8243;][vc_column_text el_class=&#8221;blue-box&#8221;]KORAK 1[\/vc_column_text][vc_column_text]<\/p>\n<h2>Izaberi opciju<\/h2>\n<p>[\/vc_column_text][\/vc_column_inner][\/vc_row_inner][vc_row_inner css=&#8221;.vc_custom_1598710818039{margin-bottom: 30px !important;}&#8221;][vc_column_inner width=&#8221;1\/6&#8243;][vc_raw_html]JTNDZGl2JTIwY2xhc3MlM0QlMjJjaGVja2JveC1jb250YWluZXIlMjBjaXJjdWxhci1jb250YWluZXIlMjIlM0UlMEElMjAlMjAlM0NsYWJlbCUyMGNsYXNzJTNEJTIyY2hlY2tib3gtbGFiZWwlMjIlM0UlMEElMjAlMjAlMjAlMjAlM0NpbnB1dCUyMHR5cGUlM0QlMjJjaGVja2JveCUyMiUyMGlkJTNEJTIyeHQtcmVnaXN0ZXItMSUyMiUyMGNsYXNzJTNEJTIyeHQtcmVnaXN0ZXIlMjIlMjB2YWx1ZSUzRCUyMmh0dHBzJTNBJTJGJTJGd3d3LnZtd2FyZS1qb3VybmV5LmhyJTJGdm1jLWF3cyUyRndwLWNvbnRlbnQlMkZ1cGxvYWRzJTJGMjAyMCUyRjEyJTJGQ1RBLTEtNS1TY2FsYWJpbGl0eS1DaGFsbGVuZ2VzLTEucGRmJTIyJTNFJTBBJTIwJTIwJTIwJTIwJTNDc3BhbiUyMGNsYXNzJTNEJTIyY2hlY2tib3gtY3VzdG9tJTIwY2lyY3VsYXIlMjIlM0UlM0MlMkZzcGFuJTNFJTBBJTIwJTIwJTNDJTJGbGFiZWwlM0UlMEElM0MlMkZkaXYlM0U=[\/vc_raw_html][\/vc_column_inner][vc_column_inner width=&#8221;5\/6&#8243;][vc_column_text]<strong>5 najve\u0107ih izazova skalabilnosti u cloudu<\/strong><br \/>\nSposobnost brzog skaliranja infrastrukture mo\u017ee biti iznimno korisna za va\u0161u organizaciju. Ali uz skalabilnost \u010desto dolaze i izazovi. Saznajte koje su glavne prepreke skalabilnosti i kako ih prevladati. Preuzmite studiju sada.[\/vc_column_text][\/vc_column_inner][\/vc_row_inner][vc_row_inner css=&#8221;.vc_custom_1598710823822{margin-bottom: 30px !important;}&#8221;][vc_column_inner width=&#8221;1\/6&#8243;][vc_raw_html]JTNDZGl2JTIwY2xhc3MlM0QlMjJjaGVja2JveC1jb250YWluZXIlMjBjaXJjdWxhci1jb250YWluZXIlMjIlM0UlMEElMjAlMjAlM0NsYWJlbCUyMGNsYXNzJTNEJTIyY2hlY2tib3gtbGFiZWwlMjIlM0UlMEElMjAlMjAlMjAlMjAlM0NpbnB1dCUyMHR5cGUlM0QlMjJjaGVja2JveCUyMiUyMGlkJTNEJTIyeHQtcmVnaXN0ZXItMiUyMiUyMGNsYXNzJTNEJTIyeHQtcmVnaXN0ZXIlMjIlMjB2YWx1ZSUzRCUyMmh0dHBzJTNBJTJGJTJGd3d3LnZtd2FyZS1qb3VybmV5LmhyJTJGdm1jLWF3cyUyRndwLWNvbnRlbnQlMkZ1cGxvYWRzJTJGMjAyMCUyRjEyJTJGQ1RBLTItQmV5b25kdGhlLURhdGFjZW50ZXIucGRmJTIyJTNFJTBBJTIwJTIwJTIwJTIwJTNDc3BhbiUyMGNsYXNzJTNEJTIyY2hlY2tib3gtY3VzdG9tJTIwY2lyY3VsYXIlMjIlM0UlM0MlMkZzcGFuJTNFJTBBJTIwJTIwJTNDJTJGbGFiZWwlM0UlMEElM0MlMkZkaXYlM0U=[\/vc_raw_html][\/vc_column_inner][vc_column_inner width=&#8221;5\/6&#8243;][vc_column_text]<strong>Beyond the Datacenter<br \/>\n<\/strong>Saznajte kako poduze\u0107a mogu jo\u0161 kvalitetnije upravljati svojim IT okru\u017eenjima, rastom potra\u017enje, kontinuitetom poslovanja te se br\u017ee oporaviti od eventualnih katastrofa. Preuzmite studiju.[\/vc_column_text][\/vc_column_inner][\/vc_row_inner][vc_row_inner css=&#8221;.vc_custom_1598710828673{margin-bottom: 30px !important;}&#8221;][vc_column_inner width=&#8221;1\/6&#8243;][vc_raw_html]JTNDZGl2JTIwY2xhc3MlM0QlMjJjaGVja2JveC1jb250YWluZXIlMjBjaXJjdWxhci1jb250YWluZXIlMjIlM0UlMEElMjAlMjAlM0NsYWJlbCUyMGNsYXNzJTNEJTIyY2hlY2tib3gtbGFiZWwlMjIlM0UlMEElMjAlMjAlMjAlMjAlM0NpbnB1dCUyMHR5cGUlM0QlMjJjaGVja2JveCUyMiUyMGlkJTNEJTIyeHQtcmVnaXN0ZXItMyUyMiUyMGNsYXNzJTNEJTIyeHQtcmVnaXN0ZXIlMjIlMjB2YWx1ZSUzRCUyMmh0dHBzJTNBJTJGJTJGbXkudm13YXJlLmNvbSUyRndlYiUyRnZtd2FyZSUyRmV2YWxjZW50ZXIlM0ZwJTNEdm1jLWhvbC1hd3MtZ2VuLTIxJTIyJTNFJTBBJTIwJTIwJTIwJTIwJTNDc3BhbiUyMGNsYXNzJTNEJTIyY2hlY2tib3gtY3VzdG9tJTIwY2lyY3VsYXIlMjIlM0UlM0MlMkZzcGFuJTNFJTBBJTIwJTIwJTNDJTJGbGFiZWwlM0UlMEElM0MlMkZkaXYlM0U=[\/vc_raw_html][\/vc_column_inner][vc_column_inner width=&#8221;5\/6&#8243;][vc_column_text]<strong>VMware Cloud na AWS-u \u2014 Hands-on Lab<\/strong><br \/>\nHands-on Labs su najbr\u017ei i najlak\u0161i na\u010din testiranja tehni\u010dkih mogu\u0107nosti VMware proizvoda. Test je besplatan, spreman za pokretanje u va\u0161em pregledniku za nekoliko minuta i ne zahtijeva instalaciju.[\/vc_column_text][\/vc_column_inner][\/vc_row_inner][\/vc_column][vc_column width=&#8221;1\/2&#8243; css=&#8221;.vc_custom_1608038291066{background-color: #E6F9FB !important;}&#8221;][vc_column_text el_class=&#8221;blue-box&#8221;]KORAK 2[\/vc_column_text][vc_column_text]<\/p>\n<h2>Registriraj se<\/h2>\n<p>[\/vc_column_text]<div role=\"form\" class=\"wpcf7\" id=\"wpcf7-f72-o1\" lang=\"en-US\" dir=\"ltr\">\n<div class=\"screen-reader-response\" role=\"alert\" aria-live=\"polite\"><\/div>\n<form action=\"\/vmc-aws\/wp-json\/wp\/v2\/pages\/10#wpcf7-f72-o1\" method=\"post\" class=\"wpcf7-form init\" novalidate=\"novalidate\">\n<div style=\"display: none;\">\n<input type=\"hidden\" name=\"_wpcf7\" value=\"72\" \/>\n<input type=\"hidden\" name=\"_wpcf7_version\" value=\"5.2.2\" \/>\n<input type=\"hidden\" name=\"_wpcf7_locale\" value=\"en_US\" \/>\n<input type=\"hidden\" name=\"_wpcf7_unit_tag\" value=\"wpcf7-f72-o1\" \/>\n<input type=\"hidden\" name=\"_wpcf7_container_post\" value=\"0\" \/>\n<input type=\"hidden\" name=\"_wpcf7_posted_data_hash\" value=\"\" \/>\n<\/div>\n<p><span class=\"wpcf7-form-control-wrap first-name\"><input type=\"text\" name=\"first-name\" value=\"\" size=\"40\" class=\"wpcf7-form-control wpcf7-text wpcf7-validates-as-required\" aria-required=\"true\" aria-invalid=\"false\" placeholder=\"Ime\" \/><\/span><br \/>\n<span class=\"wpcf7-form-control-wrap last-name\"><input type=\"text\" name=\"last-name\" value=\"\" size=\"40\" class=\"wpcf7-form-control wpcf7-text wpcf7-validates-as-required\" aria-required=\"true\" aria-invalid=\"false\" placeholder=\"Prezime\" \/><\/span><br \/>\n<span class=\"wpcf7-form-control-wrap company\"><input type=\"text\" name=\"company\" value=\"\" size=\"40\" class=\"wpcf7-form-control wpcf7-text wpcf7-validates-as-required\" aria-required=\"true\" aria-invalid=\"false\" placeholder=\"Tvrtka\" \/><\/span><br \/>\n<span class=\"wpcf7-form-control-wrap position\"><input type=\"text\" name=\"position\" value=\"\" size=\"40\" class=\"wpcf7-form-control wpcf7-text wpcf7-validates-as-required\" aria-required=\"true\" aria-invalid=\"false\" placeholder=\"Pozicija\" \/><\/span><br \/>\n<span class=\"wpcf7-form-control-wrap phone\"><input type=\"text\" name=\"phone\" value=\"\" size=\"40\" class=\"wpcf7-form-control wpcf7-text wpcf7-validates-as-required\" aria-required=\"true\" aria-invalid=\"false\" placeholder=\"Mob\/Tel\" \/><\/span><br \/>\n<span class=\"wpcf7-form-control-wrap your-email\"><input type=\"email\" name=\"your-email\" value=\"\" size=\"40\" class=\"wpcf7-form-control wpcf7-text wpcf7-email wpcf7-validates-as-required wpcf7-validates-as-email\" aria-required=\"true\" aria-invalid=\"false\" placeholder=\"Email\" \/><\/span><\/p>\n<input type=\"hidden\" name=\"thankyouURL\" value=\"https:\/\/vmtestdrive.com\/signup\" class=\"wpcf7-form-control wpcf7-hidden\" id=\"thankyouURL\" \/>\n<p><label><br \/>\n<span class=\"wpcf7-form-control-wrap checkbox-229\"><span class=\"wpcf7-form-control wpcf7-checkbox wpcf7-validates-as-required\"><span class=\"wpcf7-list-item first last\"><input type=\"checkbox\" name=\"checkbox-229[]\" value=\"GDPR PRIVOLA\" \/><span class=\"wpcf7-list-item-label\">GDPR PRIVOLA<\/span><\/span><\/span><\/span><br \/>\n<small>Prihva\u0107am ustupanje svojih osobnih podataka iz forme iznad u svrhu kontaktiranja mene i\/ili moje organizacije u vezi pru\u017eanja vi\u0161e informacija o rje\u0161enjima obuhva\u0107enih ovom kampanjom (VMware Cloud\u2122 na AWS-u) od strane predstavnika tvrtke Sedmi odjel.<\/br>Kontakt u vezi za\u0161tite podataka:<a href=\"mailto: info@sedmiodjel.com\"> info@sedmiodjel.com<\/a><\/small><br \/>\n<span class=\"checkbox-custom circular\"><\/span><br \/>\n<\/label><\/p>\n<p><input type=\"submit\" value=\"Po\u0161alji!\" class=\"wpcf7-form-control wpcf7-submit\" \/><\/p>\n<div class=\"wpcf7-response-output\" role=\"alert\" aria-hidden=\"true\"><\/div><\/form><\/div>[\/vc_column][\/vc_row][vc_row row_padding=&#8221;xt-padding-initial&#8221; full_width=&#8221;stretch_row_content_no_spaces&#8221; css=&#8221;.vc_custom_1608121835769{padding-top: 100px !important;padding-bottom: 50px !important;background-color: #ffffff !important;}&#8221; el_class=&#8221;social-links&#8221;][vc_column width=&#8221;1\/4&#8243; el_class=&#8221;social-7odjel&#8221;][vc_column_text]<a href=\"https:\/\/www.linkedin.com\/company\/heptabit-sedmi-odjel-d-o-o\/\" target=\"_blank\" rel=\"noopener noreferrer\"><img loading=\"lazy\" class=\"alignnone size-full wp-image-65\" src=\"https:\/\/www.vmware-journey.hr\/vmc-aws\/wp-content\/uploads\/2020\/12\/linkedin.svg\" alt=\"\" width=\"34\" height=\"33\" \/><\/a>[\/vc_column_text][vc_separator color=&#8221;white&#8221; align=&#8221;align_left&#8221; css=&#8221;.vc_custom_1608042824893{margin-top: 20px !important;margin-bottom: 20px !important;}&#8221;][vc_column_text]<a href=\"https:\/\/ae.ingrammicro.com\/vmware\" target=\"_blank\" rel=\"noopener noreferrer\"><img loading=\"lazy\" class=\"alignnone size-full wp-image-65\" src=\"https:\/\/www.vmware-journey.hr\/vmc-aws\/wp-content\/uploads\/2020\/12\/ingram-logo.svg\" alt=\"\" width=\"161\" height=\"31\" \/><br \/>\n<span class=\"link-copy\" style=\"color: #ffffff; font-size: 14px; line-height: 50px;\">Globalni VMware distributer<\/span><\/a>[\/vc_column_text][\/vc_column][vc_column width=&#8221;3\/4&#8243;][\/vc_column][\/vc_row][vc_row row_padding=&#8221;xt-padding-initial&#8221; full_width=&#8221;stretch_row_content_no_spaces&#8221; css=&#8221;.vc_custom_1608043507370{padding-top: 50px !important;padding-bottom: 80px !important;background-color: #ffffff !important;}&#8221; el_class=&#8221;xt-footer&#8221;][vc_column][vc_column_text el_class=&#8221;footer-font&#8221;]Copyright \u00a9 2020. All rights reserved.[\/vc_column_text][\/vc_column][\/vc_row]<\/p>\n","protected":false},"excerpt":{"rendered":"<p>[vc_row row_padding=&#8221;xt-padding-initial&#8221; el_class=&#8221;colors-row&#8221;][vc_column width=&#8221;7\/12&#8243; el_class=&#8221;xt-1&#8243;][\/vc_column][vc_column width=&#8221;1\/12&#8243; el_class=&#8221;xt-2&#8243;][\/vc_column][vc_column width=&#8221;1\/12&#8243; el_class=&#8221;xt-3&#8243;][\/vc_column][vc_column width=&#8221;1\/12&#8243; el_class=&#8221;xt-4&#8243;][\/vc_column][vc_column width=&#8221;1\/12&#8243; el_class=&#8221;xt-5&#8243;][\/vc_column][vc_column width=&#8221;1\/12&#8243; el_class=&#8221;xt-6&#8243;][\/vc_column][\/vc_row][vc_row row_padding=&#8221;xt-padding-initial&#8221; css=&#8221;.vc_custom_1607940657890{padding-top: 70px !important;padding-bottom: 70px !important;}&#8221; el_class=&#8221;logo-row&#8221;][vc_column][vc_column_text el_class=&#8221;xt-logo&#8221;][\/vc_column_text][vc_column_text el_class=&#8221;xt-logo2&#8243;][\/vc_column_text][\/vc_column][\/vc_row][vc_row row_padding=&#8221;xt-padding-initial&#8221; el_class=&#8221;xt-header&#8221; css=&#8221;.vc_custom_1598693245169{padding-top: 20px !important;padding-bottom: 90px !important;}&#8221;][vc_column el_class=&#8221;title-width&#8221;][vc_column_text el_class=&#8221;title-width&#8221;] VMware Cloud\u2122 na AWS-u [\/vc_column_text][vc_column_text] Budite spremni na sve. [\/vc_column_text][vc_btn title=&#8221;ISPROBAJTE SADA&#8221; style=&#8221;flat&#8221; shape=&#8221;square&#8221; color=&#8221;green&#8221; size=&#8221;lg&#8221; align=&#8221;left&#8221; link=&#8221;url:https%3A%2F%2Fwww.vmware-journey.hr%2Fvmc-aws%2F%23register|||&#8221;][\/vc_column][\/vc_row][vc_row row_padding=&#8221;xt-padding-initial&#8221; el_class=&#8221;xt-expandable&#8221; css=&#8221;.vc_custom_1598708011723{padding-top: 60px [&hellip;]<\/p>\n","protected":false},"author":1,"featured_media":0,"parent":0,"menu_order":0,"comment_status":"closed","ping_status":"closed","template":"","meta":[],"_links":{"self":[{"href":"https:\/\/www.vmware-journey.hr\/vmc-aws\/wp-json\/wp\/v2\/pages\/10"}],"collection":[{"href":"https:\/\/www.vmware-journey.hr\/vmc-aws\/wp-json\/wp\/v2\/pages"}],"about":[{"href":"https:\/\/www.vmware-journey.hr\/vmc-aws\/wp-json\/wp\/v2\/types\/page"}],"author":[{"embeddable":true,"href":"https:\/\/www.vmware-journey.hr\/vmc-aws\/wp-json\/wp\/v2\/users\/1"}],"replies":[{"embeddable":true,"href":"https:\/\/www.vmware-journey.hr\/vmc-aws\/wp-json\/wp\/v2\/comments?post=10"}],"version-history":[{"count":201,"href":"https:\/\/www.vmware-journey.hr\/vmc-aws\/wp-json\/wp\/v2\/pages\/10\/revisions"}],"predecessor-version":[{"id":297,"href":"https:\/\/www.vmware-journey.hr\/vmc-aws\/wp-json\/wp\/v2\/pages\/10\/revisions\/297"}],"wp:attachment":[{"href":"https:\/\/www.vmware-journey.hr\/vmc-aws\/wp-json\/wp\/v2\/media?parent=10"}],"curies":[{"name":"wp","href":"https:\/\/api.w.org\/{rel}","templated":true}]}}